{"id":160,"date":"2026-02-04T23:31:29","date_gmt":"2026-02-05T02:31:29","guid":{"rendered":"https:\/\/decifrandogatos.com.br\/?page_id=160"},"modified":"2026-02-04T23:35:33","modified_gmt":"2026-02-05T02:35:33","slug":"%f0%9f%94%8d-transparencia-da-pagina","status":"publish","type":"page","link":"https:\/\/decifrandogatos.com.br\/en\/%f0%9f%94%8d-transparencia-da-pagina\/","title":{"rendered":"\ud83d\udd0d  Transpar\u00eancia da P\u00e1gina"},"content":{"rendered":"<p>No <strong>Decifrando Gatos<\/strong>, prezamos pela transpar\u00eancia com nossos leitores.<\/p>\n\n\n\n<h3 class=\"wp-block-heading\">Monetiza\u00e7\u00e3o<\/h3>\n\n\n\n<p>Este blog \u00e9 monetizado principalmente por meio de:<\/p>\n\n\n\n<ul class=\"wp-block-list\">\n<li>Google AdSense<\/li>\n\n\n\n<li>Links afiliados (quando aplic\u00e1vel)<\/li>\n<\/ul>\n\n\n\n<p>Isso significa que podemos receber comiss\u00f5es ou remunera\u00e7\u00e3o por an\u00fancios exibidos, ou por cliques em links, <strong>sem custo adicional para o usu\u00e1rio<\/strong>.<\/p>\n\n\n\n<h3 class=\"wp-block-heading\">Independ\u00eancia Editorial<\/h3>\n\n\n\n<p>A monetiza\u00e7\u00e3o n\u00e3o influencia nossas opini\u00f5es, an\u00e1lises ou conte\u00fados. Todos os artigos s\u00e3o criados com foco na utilidade e no bem-estar dos animais.<\/p>\n\n\n\n<h3 class=\"wp-block-heading\">Parcerias<\/h3>\n\n\n\n<p>Quando houver conte\u00fados patrocinados ou parcerias, isso ser\u00e1 informado claramente ao leitor.<\/p>\n\n\n\n<p>Em vigor a partir <strong>Fevereiro\/2026<\/strong><\/p>","protected":false},"excerpt":{"rendered":"<p>No Decifrando Gatos, prezamos pela transpar\u00eancia com nossos leitores. Monetiza\u00e7\u00e3o Este blog \u00e9 monetizado principalmente por meio de: Isso significa que podemos receber comiss\u00f5es ou remunera\u00e7\u00e3o por an\u00fancios exibidos, ou por cliques em links, sem custo adicional para o usu\u00e1rio. Independ\u00eancia Editorial A monetiza\u00e7\u00e3o n\u00e3o influencia nossas opini\u00f5es, an\u00e1lises ou conte\u00fados. Todos os artigos s\u00e3o [&hellip;]<\/p>\n","protected":false},"author":10,"featured_media":0,"parent":0,"menu_order":0,"comment_status":"closed","ping_status":"closed","template":"","meta":{"footnotes":""},"class_list":["post-160","page","type-page","status-publish","hentry"],"_links":{"self":[{"href":"https:\/\/decifrandogatos.com.br\/en\/wp-json\/wp\/v2\/pages\/160","targetHints":{"allow":["GET"]}}],"collection":[{"href":"https:\/\/decifrandogatos.com.br\/en\/wp-json\/wp\/v2\/pages"}],"about":[{"href":"https:\/\/decifrandogatos.com.br\/en\/wp-json\/wp\/v2\/types\/page"}],"author":[{"embeddable":true,"href":"https:\/\/decifrandogatos.com.br\/en\/wp-json\/wp\/v2\/users\/10"}],"replies":[{"embeddable":true,"href":"https:\/\/decifrandogatos.com.br\/en\/wp-json\/wp\/v2\/comments?post=160"}],"version-history":[{"count":0,"href":"https:\/\/decifrandogatos.com.br\/en\/wp-json\/wp\/v2\/pages\/160\/revisions"}],"wp:attachment":[{"href":"https:\/\/decifrandogatos.com.br\/en\/wp-json\/wp\/v2\/media?parent=160"}],"curies":[{"name":"wp","href":"https:\/\/api.w.org\/{rel}","templated":true}]}}