{"id":162,"date":"2026-02-04T23:35:03","date_gmt":"2026-02-05T02:35:03","guid":{"rendered":"https:\/\/decifrandogatos.com.br\/?page_id=162"},"modified":"2026-02-11T13:59:49","modified_gmt":"2026-02-11T16:59:49","slug":"%e2%9a%a0%ef%b8%8f-isencao-de-responsabilidade","status":"publish","type":"page","link":"https:\/\/decifrandogatos.com.br\/en\/%e2%9a%a0%ef%b8%8f-isencao-de-responsabilidade\/","title":{"rendered":"\u26a0\ufe0f Termo de Responsabilidade"},"content":{"rendered":"<p>As informa\u00e7\u00f5es publicadas no <strong>Decifrando Gatos<\/strong> t\u00eam car\u00e1ter <strong>informativo e educacional<\/strong>.<\/p>\n\n\n\n<p>N\u00e3o substitu\u00edmos:<\/p>\n\n\n\n<ul class=\"wp-block-list\">\n<li>Avalia\u00e7\u00e3o veterin\u00e1ria<\/li>\n\n\n\n<li>Diagn\u00f3sticos profissionais<\/li>\n\n\n\n<li>Tratamentos m\u00e9dicos<\/li>\n<\/ul>\n\n\n\n<p>Sempre consulte um m\u00e9dico veterin\u00e1rio antes de tomar decis\u00f5es relacionadas \u00e0 sa\u00fade do seu animal.<\/p>\n\n\n\n<p>N\u00e3o nos responsabilizamos por:<\/p>\n\n\n\n<ul class=\"wp-block-list\">\n<li>Uso indevido das informa\u00e7\u00f5es<\/li>\n\n\n\n<li>Interpreta\u00e7\u00e3o incorreta do conte\u00fado<\/li>\n\n\n\n<li>Danos diretos ou indiretos resultantes do uso do site<\/li>\n<\/ul>\n\n\n\n<p>Em vigor a partir <strong>Fevereiro\/2026<\/strong><\/p>","protected":false},"excerpt":{"rendered":"<p>As informa\u00e7\u00f5es publicadas no Decifrando Gatos t\u00eam car\u00e1ter informativo e educacional. N\u00e3o substitu\u00edmos: Sempre consulte um m\u00e9dico veterin\u00e1rio antes de tomar decis\u00f5es relacionadas \u00e0 sa\u00fade do seu animal. N\u00e3o nos responsabilizamos por: Em vigor a partir Fevereiro\/2026<\/p>","protected":false},"author":10,"featured_media":0,"parent":0,"menu_order":0,"comment_status":"closed","ping_status":"closed","template":"","meta":{"footnotes":""},"class_list":["post-162","page","type-page","status-publish","hentry"],"_links":{"self":[{"href":"https:\/\/decifrandogatos.com.br\/en\/wp-json\/wp\/v2\/pages\/162","targetHints":{"allow":["GET"]}}],"collection":[{"href":"https:\/\/decifrandogatos.com.br\/en\/wp-json\/wp\/v2\/pages"}],"about":[{"href":"https:\/\/decifrandogatos.com.br\/en\/wp-json\/wp\/v2\/types\/page"}],"author":[{"embeddable":true,"href":"https:\/\/decifrandogatos.com.br\/en\/wp-json\/wp\/v2\/users\/10"}],"replies":[{"embeddable":true,"href":"https:\/\/decifrandogatos.com.br\/en\/wp-json\/wp\/v2\/comments?post=162"}],"version-history":[{"count":0,"href":"https:\/\/decifrandogatos.com.br\/en\/wp-json\/wp\/v2\/pages\/162\/revisions"}],"wp:attachment":[{"href":"https:\/\/decifrandogatos.com.br\/en\/wp-json\/wp\/v2\/media?parent=162"}],"curies":[{"name":"wp","href":"https:\/\/api.w.org\/{rel}","templated":true}]}}