{"id":165,"date":"2026-02-04T23:36:59","date_gmt":"2026-02-05T02:36:59","guid":{"rendered":"https:\/\/decifrandogatos.com.br\/?page_id=165"},"modified":"2026-02-04T23:37:00","modified_gmt":"2026-02-05T02:37:00","slug":"%f0%9f%93%a2-disclaimer","status":"publish","type":"page","link":"https:\/\/decifrandogatos.com.br\/en\/%f0%9f%93%a2-disclaimer\/","title":{"rendered":"\ud83d\udce2 Disclaimer"},"content":{"rendered":"<p>O <strong>Decifrando Gatos<\/strong> n\u00e3o garante que todas as informa\u00e7\u00f5es estejam sempre atualizadas ou livres de erros, embora nos esforcemos para manter o conte\u00fado preciso.<\/p>\n\n\n\n<p>Os resultados obtidos a partir da aplica\u00e7\u00e3o das informa\u00e7\u00f5es podem variar de acordo com o animal, ambiente e outros fatores.<\/p>\n\n\n\n<h3 class=\"wp-block-heading\">Publicidade<\/h3>\n\n\n\n<p>Os an\u00fancios exibidos s\u00e3o fornecidos por redes terceirizadas, como o Google AdSense. N\u00e3o temos controle total sobre o conte\u00fado desses an\u00fancios.<\/p>\n\n\n\n<h3 class=\"wp-block-heading\">Consentimento Final<\/h3>\n\n\n\n<p>Ao utilizar este site, voc\u00ea concorda com todos os avisos, termos e pol\u00edticas aqui descritos.<\/p>\n\n\n\n<p>\ud83d\udce7 <strong>Contato oficial:<\/strong> <a>decifrandogatos@outlook.com<\/a> \ud83c\udf10 <strong>Site:<\/strong> <a>https:\/\/decifrandogatos.com.br\/<\/a><\/p>\n\n\n\n<p>Em vigor a parti de <strong>Fevereiro\/2026<\/strong><\/p>","protected":false},"excerpt":{"rendered":"<p>O Decifrando Gatos n\u00e3o garante que todas as informa\u00e7\u00f5es estejam sempre atualizadas ou livres de erros, embora nos esforcemos para manter o conte\u00fado preciso. Os resultados obtidos a partir da aplica\u00e7\u00e3o das informa\u00e7\u00f5es podem variar de acordo com o animal, ambiente e outros fatores. Publicidade Os an\u00fancios exibidos s\u00e3o fornecidos por redes terceirizadas, como o [&hellip;]<\/p>\n","protected":false},"author":10,"featured_media":0,"parent":0,"menu_order":0,"comment_status":"closed","ping_status":"closed","template":"","meta":{"footnotes":""},"class_list":["post-165","page","type-page","status-publish","hentry"],"_links":{"self":[{"href":"https:\/\/decifrandogatos.com.br\/en\/wp-json\/wp\/v2\/pages\/165","targetHints":{"allow":["GET"]}}],"collection":[{"href":"https:\/\/decifrandogatos.com.br\/en\/wp-json\/wp\/v2\/pages"}],"about":[{"href":"https:\/\/decifrandogatos.com.br\/en\/wp-json\/wp\/v2\/types\/page"}],"author":[{"embeddable":true,"href":"https:\/\/decifrandogatos.com.br\/en\/wp-json\/wp\/v2\/users\/10"}],"replies":[{"embeddable":true,"href":"https:\/\/decifrandogatos.com.br\/en\/wp-json\/wp\/v2\/comments?post=165"}],"version-history":[{"count":0,"href":"https:\/\/decifrandogatos.com.br\/en\/wp-json\/wp\/v2\/pages\/165\/revisions"}],"wp:attachment":[{"href":"https:\/\/decifrandogatos.com.br\/en\/wp-json\/wp\/v2\/media?parent=165"}],"curies":[{"name":"wp","href":"https:\/\/api.w.org\/{rel}","templated":true}]}}