{"id":167,"date":"2026-02-04T23:39:13","date_gmt":"2026-02-05T02:39:13","guid":{"rendered":"https:\/\/decifrandogatos.com.br\/?page_id=167"},"modified":"2026-02-04T23:39:13","modified_gmt":"2026-02-05T02:39:13","slug":"%f0%9f%93%84-termos-de-uso","status":"publish","type":"page","link":"https:\/\/decifrandogatos.com.br\/en\/%f0%9f%93%84-termos-de-uso\/","title":{"rendered":"\ud83d\udcc4 Termos de Uso"},"content":{"rendered":"<p>O acessar o <strong>Decifrando Gatos<\/strong>, voc\u00ea concorda em cumprir estes Termos de Uso.<\/p>\n\n\n\n<h3 class=\"wp-block-heading\">1. Uso do Conte\u00fado<\/h3>\n\n\n\n<p>Todo o conte\u00fado publicado (textos, imagens, gr\u00e1ficos e informa\u00e7\u00f5es) \u00e9 protegido por direitos autorais e n\u00e3o pode ser copiado, reproduzido ou redistribu\u00eddo sem autoriza\u00e7\u00e3o pr\u00e9via.<\/p>\n\n\n\n<p>O conte\u00fado \u00e9 destinado apenas para fins informativos e educacionais.<\/p>\n\n\n\n<h3 class=\"wp-block-heading\">2. Coment\u00e1rios<\/h3>\n\n\n\n<p>Coment\u00e1rios ofensivos, discriminat\u00f3rios, spam ou que violem a legisla\u00e7\u00e3o vigente poder\u00e3o ser removidos sem aviso pr\u00e9vio.<\/p>\n\n\n\n<h3 class=\"wp-block-heading\">3. Responsabilidades do Usu\u00e1rio<\/h3>\n\n\n\n<p>O usu\u00e1rio concorda em:<\/p>\n\n\n\n<ul class=\"wp-block-list\">\n<li>N\u00e3o utilizar o site para fins ilegais<\/li>\n\n\n\n<li>N\u00e3o tentar violar a seguran\u00e7a do site<\/li>\n\n\n\n<li>N\u00e3o disseminar malware ou conte\u00fado prejudicial<\/li>\n<\/ul>\n\n\n\n<h3 class=\"wp-block-heading\">4. Modifica\u00e7\u00f5es<\/h3>\n\n\n\n<p>Reservamo-nos o direito de alterar estes Termos de Uso a qualquer momento, sem aviso pr\u00e9vio.<\/p>\n\n\n\n<p>Em vigor a parti de <strong>Fevereiro\/2026<\/strong><\/p>","protected":false},"excerpt":{"rendered":"<p>O acessar o Decifrando Gatos, voc\u00ea concorda em cumprir estes Termos de Uso. 1. Uso do Conte\u00fado Todo o conte\u00fado publicado (textos, imagens, gr\u00e1ficos e informa\u00e7\u00f5es) \u00e9 protegido por direitos autorais e n\u00e3o pode ser copiado, reproduzido ou redistribu\u00eddo sem autoriza\u00e7\u00e3o pr\u00e9via. O conte\u00fado \u00e9 destinado apenas para fins informativos e educacionais. 2. Coment\u00e1rios Coment\u00e1rios [&hellip;]<\/p>\n","protected":false},"author":10,"featured_media":0,"parent":0,"menu_order":0,"comment_status":"closed","ping_status":"closed","template":"","meta":{"footnotes":""},"class_list":["post-167","page","type-page","status-publish","hentry"],"_links":{"self":[{"href":"https:\/\/decifrandogatos.com.br\/en\/wp-json\/wp\/v2\/pages\/167","targetHints":{"allow":["GET"]}}],"collection":[{"href":"https:\/\/decifrandogatos.com.br\/en\/wp-json\/wp\/v2\/pages"}],"about":[{"href":"https:\/\/decifrandogatos.com.br\/en\/wp-json\/wp\/v2\/types\/page"}],"author":[{"embeddable":true,"href":"https:\/\/decifrandogatos.com.br\/en\/wp-json\/wp\/v2\/users\/10"}],"replies":[{"embeddable":true,"href":"https:\/\/decifrandogatos.com.br\/en\/wp-json\/wp\/v2\/comments?post=167"}],"version-history":[{"count":0,"href":"https:\/\/decifrandogatos.com.br\/en\/wp-json\/wp\/v2\/pages\/167\/revisions"}],"wp:attachment":[{"href":"https:\/\/decifrandogatos.com.br\/en\/wp-json\/wp\/v2\/media?parent=167"}],"curies":[{"name":"wp","href":"https:\/\/api.w.org\/{rel}","templated":true}]}}