{"id":169,"date":"2026-02-04T23:40:15","date_gmt":"2026-02-05T02:40:15","guid":{"rendered":"https:\/\/decifrandogatos.com.br\/?page_id=169"},"modified":"2026-02-04T23:40:16","modified_gmt":"2026-02-05T02:40:16","slug":"%f0%9f%90%be-sobre-nos","status":"publish","type":"page","link":"https:\/\/decifrandogatos.com.br\/en\/%f0%9f%90%be-sobre-nos\/","title":{"rendered":"\ud83d\udc3e Sobre N\u00f3s"},"content":{"rendered":"<p>O <strong>Decifrando Gatos<\/strong> nasceu com o objetivo de ajudar tutores, amantes de gatos e curiosos a entenderem melhor o comportamento, a sa\u00fade e o bem-estar dos felinos.<\/p>\n\n\n\n<p>Acreditamos que informa\u00e7\u00e3o de qualidade transforma a rela\u00e7\u00e3o entre humanos e animais. Por isso, produzimos conte\u00fados detalhados, claros e acess\u00edveis sobre:<\/p>\n\n\n\n<ul class=\"wp-block-list\">\n<li>Comportamento felino<\/li>\n\n\n\n<li>Cuidados com gatos<\/li>\n\n\n\n<li>Alimenta\u00e7\u00e3o<\/li>\n\n\n\n<li>Sa\u00fade preventiva<\/li>\n\n\n\n<li>Curiosidades e fatos cient\u00edficos<\/li>\n<\/ul>\n\n\n\n<p>Nosso compromisso \u00e9 oferecer conte\u00fado confi\u00e1vel, baseado em estudos, boas pr\u00e1ticas e experi\u00eancias reais.<\/p>\n\n\n\n<p>Em vigor a parti de <strong>Fevereiro\/2026<\/strong><\/p>","protected":false},"excerpt":{"rendered":"<p>O Decifrando Gatos nasceu com o objetivo de ajudar tutores, amantes de gatos e curiosos a entenderem melhor o comportamento, a sa\u00fade e o bem-estar dos felinos. Acreditamos que informa\u00e7\u00e3o de qualidade transforma a rela\u00e7\u00e3o entre humanos e animais. Por isso, produzimos conte\u00fados detalhados, claros e acess\u00edveis sobre: Nosso compromisso \u00e9 oferecer conte\u00fado confi\u00e1vel, baseado [&hellip;]<\/p>\n","protected":false},"author":10,"featured_media":0,"parent":0,"menu_order":0,"comment_status":"closed","ping_status":"closed","template":"","meta":{"footnotes":""},"class_list":["post-169","page","type-page","status-publish","hentry"],"_links":{"self":[{"href":"https:\/\/decifrandogatos.com.br\/en\/wp-json\/wp\/v2\/pages\/169","targetHints":{"allow":["GET"]}}],"collection":[{"href":"https:\/\/decifrandogatos.com.br\/en\/wp-json\/wp\/v2\/pages"}],"about":[{"href":"https:\/\/decifrandogatos.com.br\/en\/wp-json\/wp\/v2\/types\/page"}],"author":[{"embeddable":true,"href":"https:\/\/decifrandogatos.com.br\/en\/wp-json\/wp\/v2\/users\/10"}],"replies":[{"embeddable":true,"href":"https:\/\/decifrandogatos.com.br\/en\/wp-json\/wp\/v2\/comments?post=169"}],"version-history":[{"count":0,"href":"https:\/\/decifrandogatos.com.br\/en\/wp-json\/wp\/v2\/pages\/169\/revisions"}],"wp:attachment":[{"href":"https:\/\/decifrandogatos.com.br\/en\/wp-json\/wp\/v2\/media?parent=169"}],"curies":[{"name":"wp","href":"https:\/\/api.w.org\/{rel}","templated":true}]}}