{"id":172,"date":"2026-02-04T23:47:48","date_gmt":"2026-02-05T02:47:48","guid":{"rendered":"https:\/\/decifrandogatos.com.br\/?page_id=172"},"modified":"2026-02-11T13:46:34","modified_gmt":"2026-02-11T16:46:34","slug":"%f0%9f%93%ac-pagina-de-contato","status":"publish","type":"page","link":"https:\/\/decifrandogatos.com.br\/en\/%f0%9f%93%ac-pagina-de-contato\/","title":{"rendered":"\ud83d\udcec  Contato"},"content":{"rendered":"\n<div class=\"wpcf7 no-js\" id=\"wpcf7-f171-o1\" lang=\"pt-BR\" dir=\"ltr\" data-wpcf7-id=\"171\">\n<div class=\"screen-reader-response\"><p role=\"status\" aria-live=\"polite\" aria-atomic=\"true\"><\/p> <ul><\/ul><\/div>\n<form action=\"\/en\/wp-json\/wp\/v2\/pages\/172#wpcf7-f171-o1\" method=\"post\" class=\"wpcf7-form init\" aria-label=\"Formul\u00e1rios de contato\" novalidate=\"novalidate\" data-status=\"init\">\n<fieldset class=\"hidden-fields-container\"><input type=\"hidden\" name=\"_wpcf7\" value=\"171\" \/><input type=\"hidden\" name=\"_wpcf7_version\" value=\"6.1.5\" \/><input type=\"hidden\" name=\"_wpcf7_locale\" value=\"pt_BR\" \/><input type=\"hidden\" name=\"_wpcf7_unit_tag\" value=\"wpcf7-f171-o1\" \/><input type=\"hidden\" name=\"_wpcf7_container_post\" value=\"0\" \/><input type=\"hidden\" name=\"_wpcf7_posted_data_hash\" value=\"\" \/>\n<\/fieldset>\n<p><label> Seu nome<br \/>\n<span class=\"wpcf7-form-control-wrap\" data-name=\"your-name\"><input size=\"40\" maxlength=\"400\" class=\"wpcf7-form-control wpcf7-text wpcf7-validates-as-required\" autocomplete=\"name\" aria-required=\"true\" aria-invalid=\"false\" value=\"\" type=\"text\" name=\"your-name\" \/><\/span> <\/label>\n<\/p>\n<p><label> Seu e-mail<br \/>\n<span class=\"wpcf7-form-control-wrap\" data-name=\"your-email\"><input size=\"40\" maxlength=\"400\" class=\"wpcf7-form-control wpcf7-email wpcf7-validates-as-required wpcf7-text wpcf7-validates-as-email\" autocomplete=\"email\" aria-required=\"true\" aria-invalid=\"false\" value=\"\" type=\"email\" name=\"your-email\" \/><\/span> <\/label>\n<\/p>\n<p><label> Assunto<br \/>\n<span class=\"wpcf7-form-control-wrap\" data-name=\"your-subject\"><input size=\"40\" maxlength=\"400\" class=\"wpcf7-form-control wpcf7-text wpcf7-validates-as-required\" aria-required=\"true\" aria-invalid=\"false\" value=\"\" type=\"text\" name=\"your-subject\" \/><\/span> <\/label>\n<\/p>\n<p><label> Sua mensagem (opcional)<br \/>\n<span class=\"wpcf7-form-control-wrap\" data-name=\"your-message\"><textarea cols=\"40\" rows=\"10\" maxlength=\"2000\" class=\"wpcf7-form-control wpcf7-textarea\" aria-invalid=\"false\" name=\"your-message\"><\/textarea><\/span> <\/label>\n<\/p>\n<p><input class=\"wpcf7-form-control wpcf7-submit has-spinner\" type=\"submit\" value=\"Enviar\" \/>\n<\/p><p style=\"display: none !important;\" class=\"akismet-fields-container\" data-prefix=\"_wpcf7_ak_\"><label>&#916;<textarea name=\"_wpcf7_ak_hp_textarea\" cols=\"45\" rows=\"8\" maxlength=\"100\"><\/textarea><\/label><input type=\"hidden\" id=\"ak_js_1\" name=\"_wpcf7_ak_js\" value=\"125\"\/><script type=\"text\/javascript\">\n\/* <![CDATA[ *\/\ndocument.getElementById( \"ak_js_1\" ).setAttribute( \"value\", ( new Date() ).getTime() );\n\/* ]]> *\/\n<\/script>\n<\/p><div class=\"wpcf7-response-output\" aria-hidden=\"true\"><\/div>\n<\/form>\n<\/div>\n\n\n\n\n<p>O <strong>Decifrando Gatos<\/strong> valoriza a comunica\u00e7\u00e3o aberta com seus leitores, parceiros e interessados no universo dos gatos e animais dom\u00e9sticos.<\/p>\n\n\n\n<p>Se voc\u00ea deseja:<\/p>\n\n\n\n<ul class=\"wp-block-list\">\n<li>Tirar d\u00favidas sobre nossos conte\u00fados<\/li>\n\n\n\n<li>Enviar sugest\u00f5es de pautas<\/li>\n\n\n\n<li>Relatar erros ou atualiza\u00e7\u00f5es necess\u00e1rias<\/li>\n\n\n\n<li>Propor parcerias, colabora\u00e7\u00f5es ou publicidade<\/li>\n\n\n\n<li>Entrar em contato por qualquer outro motivo leg\u00edtimo<\/li>\n<\/ul>\n\n\n\n<p>Ficaremos felizes em responder.<\/p>\n\n\n\n<h3 class=\"wp-block-heading\">\ud83d\udce7 Como entrar em contato<\/h3>\n\n\n\n<p>Voc\u00ea pode nos contatar diretamente pelo e-mail oficial:<\/p>\n\n\n\n<p><a><strong>decifrandogatos@outlook.com<\/strong><\/a><\/p>\n\n\n\n<p>Nos esfor\u00e7amos para responder todas as mensagens o mais breve poss\u00edvel, geralmente dentro de 48 horas \u00fateis.<\/p>\n\n\n\n<h3 class=\"wp-block-heading\">\ud83d\udee1\ufe0f Uso das informa\u00e7\u00f5es enviadas<\/h3>\n\n\n\n<p>As informa\u00e7\u00f5es fornecidas ao entrar em contato conosco ser\u00e3o utilizadas <strong>exclusivamente para fins de comunica\u00e7\u00e3o<\/strong> e n\u00e3o ser\u00e3o compartilhadas com terceiros, conforme descrito em nossa Pol\u00edtica de Privacidade.<\/p>\n\n\n\n<h3 class=\"wp-block-heading\">\u26a0\ufe0f Observa\u00e7\u00f5es importantes<\/h3>\n\n\n\n<ul class=\"wp-block-list\">\n<li>N\u00e3o prestamos atendimento veterin\u00e1rio ou emergencial por e-mail.<\/li>\n\n\n\n<li>Para quest\u00f5es de sa\u00fade do seu animal, procure sempre um m\u00e9dico veterin\u00e1rio.<\/li>\n\n\n\n<li>Mensagens com conte\u00fado ofensivo, spam ou ilegal poder\u00e3o ser ignoradas.<\/li>\n<\/ul>\n\n\n\n<p>Agradecemos seu contato e o interesse pelo <strong>Decifrando Gatos<\/strong> \ud83d\udc3e<\/p>\n\n\n\n<p>Em vigor a parti de <strong>Fevereiro\/2026<\/strong><\/p>\n","protected":false},"excerpt":{"rendered":"<p>O Decifrando Gatos valoriza a comunica\u00e7\u00e3o aberta com seus leitores, parceiros e interessados no universo dos gatos e animais dom\u00e9sticos. Se voc\u00ea deseja: Ficaremos felizes em responder. \ud83d\udce7 Como entrar em contato Voc\u00ea pode nos contatar diretamente pelo e-mail oficial: decifrandogatos@outlook.com Nos esfor\u00e7amos para responder todas as mensagens o mais breve poss\u00edvel, geralmente dentro de [&hellip;]<\/p>\n","protected":false},"author":10,"featured_media":0,"parent":0,"menu_order":0,"comment_status":"closed","ping_status":"closed","template":"","meta":{"footnotes":""},"class_list":["post-172","page","type-page","status-publish","hentry"],"_links":{"self":[{"href":"https:\/\/decifrandogatos.com.br\/en\/wp-json\/wp\/v2\/pages\/172","targetHints":{"allow":["GET"]}}],"collection":[{"href":"https:\/\/decifrandogatos.com.br\/en\/wp-json\/wp\/v2\/pages"}],"about":[{"href":"https:\/\/decifrandogatos.com.br\/en\/wp-json\/wp\/v2\/types\/page"}],"author":[{"embeddable":true,"href":"https:\/\/decifrandogatos.com.br\/en\/wp-json\/wp\/v2\/users\/10"}],"replies":[{"embeddable":true,"href":"https:\/\/decifrandogatos.com.br\/en\/wp-json\/wp\/v2\/comments?post=172"}],"version-history":[{"count":0,"href":"https:\/\/decifrandogatos.com.br\/en\/wp-json\/wp\/v2\/pages\/172\/revisions"}],"wp:attachment":[{"href":"https:\/\/decifrandogatos.com.br\/en\/wp-json\/wp\/v2\/media?parent=172"}],"curies":[{"name":"wp","href":"https:\/\/api.w.org\/{rel}","templated":true}]}}